{"id":11,"date":"2025-05-22T13:10:01","date_gmt":"2025-05-22T11:10:01","guid":{"rendered":"https:\/\/akupunktura-sls.sk\/?page_id=11"},"modified":"2025-05-22T13:32:31","modified_gmt":"2025-05-22T11:32:31","slug":"historia","status":"publish","type":"page","link":"https:\/\/akupunktura-sls.sk\/?page_id=11","title":{"rendered":"Hist\u00f3ria"},"content":{"rendered":"\n<div class=\"wp-block-group is-vertical is-layout-flex wp-container-core-group-is-layout-fe9cc265 wp-block-group-is-layout-flex\">\n<p class=\"wp-container-content-9cfa9a5a\">Za\u010diatky akupunkt\u00fary na Slovensku sa datuj\u00fa na za\u010diatok 60tych rokov minul\u00e9ho storo\u010dia. Od roku 1963 sa lek\u00e1ri vykon\u00e1vaj\u00faci akupunkt\u00faru v \u010cSR za\u010d\u00ednaj\u00fa stret\u00e1va\u0165 na spolo\u010dn\u00fdch pracovn\u00fdch podujatiach.&nbsp;<\/p>\n\n\n\n<p>V roku 1973 vznikla Komisia, nesk\u00f4r roku 1980 Sekcia akupunkt\u00fary pri SFS. Roku 1990 vznikla samostatn\u00e1 Spolo\u010dnos\u0165 akupunkt\u00fary o.z. SLS.&nbsp;<br>Postgradu\u00e1lne do\u0161ko\u013eovanie lek\u00e1rov v akupunkt\u00fare sa vykon\u00e1va od roku 1982. Doteraz bolo vy\u0161kolen\u00fdch do 600 lek\u00e1rov prakticky zo v\u0161etk\u00fdch klinick\u00fdch odvetv\u00ed. Pregradu\u00e1lne vzdel\u00e1vanie sa zatia\u013e nepodarilo realizova\u0165.&nbsp;<\/p>\n\n\n\n<p>Legislat\u00edvne z\u00e1zemie akupunkt\u00fara z\u00edskala roku 1979. V metodickej smernici Postup pri vykon\u00e1van\u00ed akupunkt\u00fary bola definovan\u00e1 ako interdisciplin\u00e1rna lek\u00e1rska met\u00f3da diagnostiky prevencie a lie\u010dby. Vydan\u00edm koncepcie v roku 1993 sa stala samostatn\u00fdm nadstavbov\u00fdm odborom medic\u00edny.&nbsp;<\/p>\n\n\n\n<p>Aj ke\u010f roku 1997 dostupnos\u0165 akupunkt\u00fary utrpela jej preraden\u00edm medzi nad\u0161tandardn\u00fa starostlivos\u0165, z\u00e1ujem o \u0148u narast\u00e1 ako medzi pacientami tak aj medzi lek\u00e1rmi. Mo\u017eno kon\u0161tatova\u0165, \u017ee aj cel\u00e1 lek\u00e1rska obec zmenila svoje odmietav\u00e9 stanovisko na priazniv\u00e9.<\/p>\n\n\n\n<p>Akupunkt\u00fara pre\u017e\u00edva svoju renesanciu aj v celosvetovom meradle. St\u00fapa po\u010det erudovan\u00fdch lek\u00e1rov, \u00faspe\u0161ne lie\u010den\u00fdch pacientov a zvy\u0161uje sa aj po\u010det v\u00fdskumn\u00fdch pracov\u00edsk. Akupunkt\u00faru uzn\u00e1va a podporuje WHO a EU a cel\u00fdm radom legislat\u00edvnych opatren\u00ed sa podporuje jej vykon\u00e1vanie na celom svete.&nbsp;<\/p>\n\n\n\n<p class=\"wp-container-content-9cfa9a5a\">Ale aj ke\u010f som hovoril len o niektor\u00fdch \u010diastkov\u00fdch aspektoch, m\u00f4\u017eem mysl\u00edm kon\u0161tatova\u0165, \u017ee proces integr\u00e1cie akupunkt\u00fary do modernej medic\u00edny \u00faspe\u0161ne pokra\u010duje a \u017ee za\u010d\u00edname by\u0165 svedkami vzniku novej- integra\u010dnej, celostnej \u010di holistickej medic\u00edny, ktor\u00e1 by mala by\u0165 synt\u00e9zou medic\u00edny v\u00fdchodn\u00e9ho i z\u00e1padn\u00e9ho typu. Iba jednej dobrej medic\u00edny.<\/p>\n<\/div>\n","protected":false},"excerpt":{"rendered":"<p>Za\u010diatky akupunkt\u00fary na Slovensku sa datuj\u00fa na za\u010diatok 60tych rokov minul\u00e9ho storo\u010dia. Od roku 1963 sa lek\u00e1ri vykon\u00e1vaj\u00faci akupunkt\u00faru v \u010cSR za\u010d\u00ednaj\u00fa stret\u00e1va\u0165 na spolo\u010dn\u00fdch pracovn\u00fdch podujatiach.&nbsp; V roku 1973 [&hellip;]<\/p>\n","protected":false},"author":1,"featured_media":0,"parent":0,"menu_order":0,"comment_status":"closed","ping_status":"closed","template":"","meta":{"_EventAllDay":false,"_EventTimezone":"","_EventStartDate":"","_EventEndDate":"","_EventStartDateUTC":"","_EventEndDateUTC":"","_EventShowMap":false,"_EventShowMapLink":false,"_EventURL":"","_EventCost":"","_EventCostDescription":"","_EventCurrencySymbol":"","_EventCurrencyCode":"","_EventCurrencyPosition":"","_EventDateTimeSeparator":"","_EventTimeRangeSeparator":"","_EventOrganizerID":[],"_EventVenueID":[],"_OrganizerEmail":"","_OrganizerPhone":"","_OrganizerWebsite":"","_VenueAddress":"","_VenueCity":"","_VenueCountry":"","_VenueProvince":"","_VenueState":"","_VenueZip":"","_VenuePhone":"","_VenueURL":"","_VenueStateProvince":"","_VenueLat":"","_VenueLng":"","_VenueShowMap":false,"_VenueShowMapLink":false,"footnotes":""},"class_list":["post-11","page","type-page","status-publish","hentry"],"_links":{"self":[{"href":"https:\/\/akupunktura-sls.sk\/index.php?rest_route=\/wp\/v2\/pages\/11","targetHints":{"allow":["GET"]}}],"collection":[{"href":"https:\/\/akupunktura-sls.sk\/index.php?rest_route=\/wp\/v2\/pages"}],"about":[{"href":"https:\/\/akupunktura-sls.sk\/index.php?rest_route=\/wp\/v2\/types\/page"}],"author":[{"embeddable":true,"href":"https:\/\/akupunktura-sls.sk\/index.php?rest_route=\/wp\/v2\/users\/1"}],"replies":[{"embeddable":true,"href":"https:\/\/akupunktura-sls.sk\/index.php?rest_route=%2Fwp%2Fv2%2Fcomments&post=11"}],"version-history":[{"count":2,"href":"https:\/\/akupunktura-sls.sk\/index.php?rest_route=\/wp\/v2\/pages\/11\/revisions"}],"predecessor-version":[{"id":30,"href":"https:\/\/akupunktura-sls.sk\/index.php?rest_route=\/wp\/v2\/pages\/11\/revisions\/30"}],"wp:attachment":[{"href":"https:\/\/akupunktura-sls.sk\/index.php?rest_route=%2Fwp%2Fv2%2Fmedia&parent=11"}],"curies":[{"name":"wp","href":"https:\/\/api.w.org\/{rel}","templated":true}]}}