{"id":20,"date":"2025-05-22T13:15:49","date_gmt":"2025-05-22T11:15:49","guid":{"rendered":"https:\/\/akupunktura-sls.sk\/?page_id=20"},"modified":"2026-03-20T17:23:39","modified_gmt":"2026-03-20T16:23:39","slug":"skoliace-pracoviska","status":"publish","type":"page","link":"https:\/\/akupunktura-sls.sk\/?page_id=20","title":{"rendered":"\u0160koliace pracovisk\u00e1"},"content":{"rendered":"\n<ul class=\"wp-block-list\">\n<li class=\"has-large-font-size\">Bardejov\n<ul class=\"wp-block-list\">\n<li style=\"font-size:clamp(0.875rem, 0.875rem + ((1vw - 0.2rem) * 0.542), 1.2rem);\"><strong>\u0160koliace pracovisko SZU, Ambulancia FBLR a\u00a0akupunkt\u00fara, Stocklova 55, 09501<\/strong>\n<ul class=\"wp-block-list\">\n<li class=\"has-medium-font-size\">MUDr. Alena Pag\u00e1\u010dov\u00e1\n<ul class=\"wp-block-list\">\n<li>054\/488 46 66<\/li>\n<\/ul>\n<\/li>\n<\/ul>\n<\/li>\n<\/ul>\n<\/li>\n<\/ul>\n\n\n\n<ul class=\"wp-block-list\">\n<li class=\"has-large-font-size\">Bratislava\n<ul class=\"wp-block-list\">\n<li style=\"font-size:clamp(0.875rem, 0.875rem + ((1vw - 0.2rem) * 0.542), 1.2rem);\"><strong>\u0160koliace pracovisko SZU, LIMING s.r.o., Ambulancia akupunkt\u00fary, Poliklinika M\u00fdtna 5, 81107<\/strong>\n<ul class=\"wp-block-list\">\n<li class=\"has-medium-font-size\">MUDr. Ondrejkovi\u010dov\u00e1 Alena, PhD.\n<ul class=\"wp-block-list\">\n<li>0903 792&nbsp;228<\/li>\n<\/ul>\n<\/li>\n\n\n\n<li class=\"has-medium-font-size\">MUDr. Svitkov\u00e1 Katar\u00edna\n<ul class=\"wp-block-list\">\n<li>0917 578 125<\/li>\n<\/ul>\n<\/li>\n\n\n\n<li class=\"has-medium-font-size\">MUDr. Balogh Vladim\u00edr, odb.as.\n<ul class=\"wp-block-list\">\n<li>0905 615689<\/li>\n<\/ul>\n<\/li>\n<\/ul>\n<\/li>\n\n\n\n<li style=\"font-size:clamp(0.875rem, 0.875rem + ((1vw - 0.2rem) * 0.542), 1.2rem);\"><strong>\u0160koliace pracovisko SZU ,Ambulancia akupunkt\u00fary MUDr.Danu\u0161a Sivekov\u00e1. S\u00fa\u0165a\u017en\u00e1 15, 82108<\/strong>\n<ul class=\"wp-block-list\">\n<li class=\"has-medium-font-size\">MUDr. Danu\u0161a Sivekov\u00e1\n<ul class=\"wp-block-list\">\n<li>0907 091 997<\/li>\n<\/ul>\n<\/li>\n<\/ul>\n<\/li>\n\n\n\n<li style=\"font-size:clamp(0.875rem, 0.875rem + ((1vw - 0.2rem) * 0.542), 1.2rem);\"><strong>\u0160koliace pracovisko SZU Balance Clinic-Ambulancia akupunkt\u00fary, Limbov\u00e1 1A, 83101<\/strong>\n<ul class=\"wp-block-list\">\n<li class=\"has-medium-font-size\">MUDr. Ivani\u010d Boris, MSc.\n<ul class=\"wp-block-list\">\n<li class=\"has-medium-font-size\">0911 751 386<\/li>\n<\/ul>\n<\/li>\n<\/ul>\n<\/li>\n\n\n\n<li style=\"font-size:clamp(0.875rem, 0.875rem + ((1vw - 0.2rem) * 0.542), 1.2rem);\"><strong>\u0160koliace pracovisko SZU, MUDr.Daniel Dar\u00e1\u0161 akupunkt\u00fara a&nbsp;fytoterapia, Stromov\u00e1 13, 83101<\/strong>\n<ul class=\"wp-block-list\">\n<li class=\"has-medium-font-size\">MUDr. Daniel Dar\u00e1\u0161\n<ul class=\"wp-block-list\">\n<li class=\"has-medium-font-size\">0951 190 720<\/li>\n<\/ul>\n<\/li>\n<\/ul>\n<\/li>\n\n\n\n<li style=\"font-size:clamp(0.875rem, 0.875rem + ((1vw - 0.2rem) * 0.542), 1.2rem);\"><strong>\u0160koliace pracovisko SZU , ASTERAS s.r.o., \u0160ancov\u00e1 48, 81105 Bratislava<\/strong>\n<ul class=\"wp-block-list\">\n<li class=\"has-medium-font-size\">MUDr. Em\u00edlia Jansk\u00e1, PhD, MHA\n<ul class=\"wp-block-list\">\n<li class=\"has-medium-font-size\">0948 464 349<\/li>\n<\/ul>\n<\/li>\n<\/ul>\n<\/li>\n\n\n\n<li style=\"font-size:clamp(0.875rem, 0.875rem + ((1vw - 0.2rem) * 0.542), 1.2rem);\"><strong>\u0160koliace pracovisko SZU, Acus s.r.o.,Ambulancia akupunkt\u00fary a rehabilit\u00e1cie, zdravotn\u00e9 stredisko, Fedinova 9, 85101<\/strong>\n<ul class=\"wp-block-list\">\n<li class=\"has-medium-font-size\">MUDr. Jozef \u0160mirala\n<ul class=\"wp-block-list\">\n<li>0910 991 362<\/li>\n<\/ul>\n<\/li>\n<\/ul>\n<\/li>\n<\/ul>\n<\/li>\n<\/ul>\n\n\n\n<ul class=\"wp-block-list\">\n<li class=\"has-large-font-size\">Bratislava-Dunajsk\u00e1 Lu\u017en\u00e1\n<ul class=\"wp-block-list\">\n<li style=\"font-size:clamp(0.875rem, 0.875rem + ((1vw - 0.2rem) * 0.542), 1.2rem);\"><strong>\u0160koliace pracovisko SZU, FYLEVA s.r.o,, Lipnick\u00e1 2B, Zdravotn\u00e9 stredisko 3 NP., 90042<\/strong>\n<ul class=\"wp-block-list\">\n<li class=\"has-medium-font-size\">MUDr. Filip Schmidt\n<ul class=\"wp-block-list\">\n<li>0949 170 317<\/li>\n<\/ul>\n<\/li>\n<\/ul>\n<\/li>\n<\/ul>\n<\/li>\n<\/ul>\n\n\n\n<ul class=\"wp-block-list\">\n<li class=\"has-large-font-size\">Dunajsk\u00e1 Streda\n<ul class=\"wp-block-list\">\n<li style=\"font-size:clamp(0.875rem, 0.875rem + ((1vw - 0.2rem) * 0.542), 1.2rem);\"><strong>\u0160koliace pracovisko SZU, Ambulancia akupunkt\u00fary, NsP, Ve\u013ekoblahovsk\u00e1 cesta 23, 92901<\/strong>\n<ul class=\"wp-block-list\">\n<li class=\"has-medium-font-size\">MUDr. Gabriela M\u00e9sz\u00e1ros\n<ul class=\"wp-block-list\">\n<li>0907 743 999<\/li>\n<\/ul>\n<\/li>\n<\/ul>\n<\/li>\n<\/ul>\n<\/li>\n<\/ul>\n\n\n\n<ul class=\"wp-block-list\">\n<li class=\"has-large-font-size\">Kom\u00e1rno\n<ul class=\"wp-block-list\">\n<li style=\"font-size:clamp(0.875rem, 0.875rem + ((1vw - 0.2rem) * 0.542), 1.2rem);\"><strong>\u0160koliace pracovisko SZU, PREMED-OKO s.r.o., Mesa\u010dn\u00e1 30, 94501<\/strong>\n<ul class=\"wp-block-list\">\n<li class=\"has-medium-font-size\">MUDr. Herdics J\u00e1n\n<ul class=\"wp-block-list\">\n<li>0908 306 636<\/li>\n<\/ul>\n<\/li>\n<\/ul>\n<\/li>\n<\/ul>\n<\/li>\n<\/ul>\n\n\n\n<ul class=\"wp-block-list\">\n<li class=\"has-large-font-size\">Ko\u0161ice\n<ul class=\"wp-block-list\">\n<li style=\"font-size:clamp(0.875rem, 0.875rem + ((1vw - 0.2rem) * 0.542), 1.2rem);\"><strong>\u0160koliace pracovisko SZU, Ambulancia endokrinol\u00f3gie, akupunkt\u00fary a&nbsp;internej medic\u00edny, Stroj\u00e1rensk\u00e1 13, 04001 Ko\u0161ice<\/strong>\n<ul class=\"wp-block-list\">\n<li class=\"has-medium-font-size\">MUDr. Zuzana Semanov\u00e1, PhD.\n<ul class=\"wp-block-list\">\n<li>0949 522 481<\/li>\n<\/ul>\n<\/li>\n<\/ul>\n<\/li>\n<\/ul>\n<\/li>\n<\/ul>\n\n\n\n<ul class=\"wp-block-list\">\n<li class=\"has-large-font-size\">Kysuck\u00e9 Nov\u00e9 Mesto\n<ul class=\"wp-block-list\">\n<li style=\"font-size:clamp(0.875rem, 0.875rem + ((1vw - 0.2rem) * 0.542), 1.2rem);\"><strong>\u0160koliace pracovisko SZU Akupunkt\u00fara s.r.o. Neslu\u017esk\u00e1 cesta 457\/12, 02401<\/strong>\n<ul class=\"wp-block-list\">\n<li class=\"has-medium-font-size\">MUDr. Korman Rastislav\n<ul class=\"wp-block-list\">\n<li>0903 906&nbsp;328<\/li>\n<\/ul>\n<\/li>\n<\/ul>\n<\/li>\n<\/ul>\n<\/li>\n<\/ul>\n\n\n\n<ul class=\"wp-block-list\">\n<li class=\"has-large-font-size\">Lu\u010denec\n<ul class=\"wp-block-list\">\n<li style=\"font-size:clamp(0.875rem, 0.875rem + ((1vw - 0.2rem) * 0.542), 1.2rem);\"><strong>\u0160koliace pracovisko SZU, RE-GYN-A s.r.o., NZZ, Lermontovova 3, 98401<\/strong>\n<ul class=\"wp-block-list\">\n<li class=\"has-medium-font-size\">MUDr. Balkov\u00e1 Dagmar\n<ul class=\"wp-block-list\">\n<li>047\/433 28 28<\/li>\n<\/ul>\n<\/li>\n<\/ul>\n<\/li>\n<\/ul>\n<\/li>\n<\/ul>\n\n\n\n<ul class=\"wp-block-list\">\n<li class=\"has-large-font-size\">Martin\n<ul class=\"wp-block-list\">\n<li style=\"font-size:clamp(0.875rem, 0.875rem + ((1vw - 0.2rem) * 0.542), 1.2rem);\"><strong>\u0160koliace pracovisko SZU, MG-Acumed.s.r.o., Ambulancia akupunkt\u00fary, Poliklinika II, Mudro\u0148ova 14, 03601<\/strong>\n<ul class=\"wp-block-list\">\n<li class=\"has-medium-font-size\">MUDr. Miroslava Gallov\u00e1, PhD.\n<ul class=\"wp-block-list\">\n<li>0950 892 088<\/li>\n<\/ul>\n<\/li>\n<\/ul>\n<\/li>\n<\/ul>\n<\/li>\n<\/ul>\n\n\n\n<ul class=\"wp-block-list\">\n<li class=\"has-large-font-size\">\u0160a\u0161t\u00edn &#8211; Str\u00e1\u017ee\n<ul class=\"wp-block-list\">\n<li class=\"has-medium-font-size\"><strong>\u0160koliace pracovisko SZU, GYNAC s.r.o, Ambulancia akupunkt\u00fary, N\u00e1m. slobody 951, 90841<\/strong>\n<ul class=\"wp-block-list\">\n<li class=\"has-medium-font-size\">MUDr. Bibiana Bajtekov\u00e1, PhD.\n<ul class=\"wp-block-list\">\n<li>034\/659 23 82<\/li>\n<\/ul>\n<\/li>\n<\/ul>\n<\/li>\n<\/ul>\n<\/li>\n<\/ul>\n\n\n\n<p>Pracovisk\u00e1 boli akreditovan\u00e9 pod\u013ea akredita\u010dn\u00e9ho spisu SZU, v Rozhodnut\u00ed MZ SR, vydan\u00edm Osved\u010denia o&nbsp;akredit\u00e1cii \u0161pecializa\u010dn\u00e9ho \u0161tudijn\u00e9ho programu v&nbsp;\u0161pecializa\u010dnom odbore akupunkt\u00fara v&nbsp;zdravotn\u00edckom povolan\u00ed lek\u00e1r a&nbsp;zubn\u00fd lek\u00e1r d\u0148a 27.3.2023, \u010d. S&nbsp;16739-2023-OZV-2. <\/p>\n\n\n\n<p>Osved\u010denie o&nbsp;akredit\u00e1cii m\u00e1 platnos\u0165 do 06.07.2027<\/p>\n","protected":false},"excerpt":{"rendered":"<p>Pracovisk\u00e1 boli akreditovan\u00e9 pod\u013ea akredita\u010dn\u00e9ho spisu SZU, v Rozhodnut\u00ed MZ SR, vydan\u00edm Osved\u010denia o&nbsp;akredit\u00e1cii \u0161pecializa\u010dn\u00e9ho \u0161tudijn\u00e9ho programu v&nbsp;\u0161pecializa\u010dnom odbore akupunkt\u00fara v&nbsp;zdravotn\u00edckom povolan\u00ed lek\u00e1r a&nbsp;zubn\u00fd lek\u00e1r d\u0148a 27.3.2023, \u010d. S&nbsp;16739-2023-OZV-2. Osved\u010denie [&hellip;]<\/p>\n","protected":false},"author":1,"featured_media":0,"parent":0,"menu_order":0,"comment_status":"closed","ping_status":"closed","template":"","meta":{"_EventAllDay":false,"_EventTimezone":"","_EventStartDate":"","_EventEndDate":"","_EventStartDateUTC":"","_EventEndDateUTC":"","_EventShowMap":false,"_EventShowMapLink":false,"_EventURL":"","_EventCost":"","_EventCostDescription":"","_EventCurrencySymbol":"","_EventCurrencyCode":"","_EventCurrencyPosition":"","_EventDateTimeSeparator":"","_EventTimeRangeSeparator":"","_EventOrganizerID":[],"_EventVenueID":[],"_OrganizerEmail":"","_OrganizerPhone":"","_OrganizerWebsite":"","_VenueAddress":"","_VenueCity":"","_VenueCountry":"","_VenueProvince":"","_VenueState":"","_VenueZip":"","_VenuePhone":"","_VenueURL":"","_VenueStateProvince":"","_VenueLat":"","_VenueLng":"","_VenueShowMap":false,"_VenueShowMapLink":false,"footnotes":""},"class_list":["post-20","page","type-page","status-publish","hentry"],"_links":{"self":[{"href":"https:\/\/akupunktura-sls.sk\/index.php?rest_route=\/wp\/v2\/pages\/20","targetHints":{"allow":["GET"]}}],"collection":[{"href":"https:\/\/akupunktura-sls.sk\/index.php?rest_route=\/wp\/v2\/pages"}],"about":[{"href":"https:\/\/akupunktura-sls.sk\/index.php?rest_route=\/wp\/v2\/types\/page"}],"author":[{"embeddable":true,"href":"https:\/\/akupunktura-sls.sk\/index.php?rest_route=\/wp\/v2\/users\/1"}],"replies":[{"embeddable":true,"href":"https:\/\/akupunktura-sls.sk\/index.php?rest_route=%2Fwp%2Fv2%2Fcomments&post=20"}],"version-history":[{"count":5,"href":"https:\/\/akupunktura-sls.sk\/index.php?rest_route=\/wp\/v2\/pages\/20\/revisions"}],"predecessor-version":[{"id":219,"href":"https:\/\/akupunktura-sls.sk\/index.php?rest_route=\/wp\/v2\/pages\/20\/revisions\/219"}],"wp:attachment":[{"href":"https:\/\/akupunktura-sls.sk\/index.php?rest_route=%2Fwp%2Fv2%2Fmedia&parent=20"}],"curies":[{"name":"wp","href":"https:\/\/api.w.org\/{rel}","templated":true}]}}