{"id":74,"date":"2025-06-28T21:38:57","date_gmt":"2025-06-28T19:38:57","guid":{"rendered":"https:\/\/akupunktura-sls.sk\/?page_id=74"},"modified":"2025-07-18T20:36:52","modified_gmt":"2025-07-18T18:36:52","slug":"kontakty","status":"publish","type":"page","link":"https:\/\/akupunktura-sls.sk\/?page_id=74","title":{"rendered":"Kontakty"},"content":{"rendered":"\n<div class=\"wp-block-columns are-vertically-aligned-center is-layout-flex wp-container-core-columns-is-layout-28f84493 wp-block-columns-is-layout-flex\">\n<div class=\"wp-block-column is-vertically-aligned-center is-layout-flow wp-block-column-is-layout-flow\">\n<p>Slovensk\u00e1 spolo\u010dnos\u0165 akupunkt\u00fary&nbsp;<\/p>\n\n\n\n<p>organiza\u010dn\u00e1 zlo\u017eka Slovenskej lek\u00e1rskej spolo\u010dnosti&nbsp;<br>Adresa: Cukrov\u00e1 3, 813 22 Bratislava<\/p>\n<\/div>\n<\/div>\n\n\n\n<ol class=\"wp-block-list\">\n<li><strong>MUDr.Vladimir Balogh,<\/strong> Prezident SSA o.z. SLS, Bratislava<br><a href=\"mailto:vlado.balogh@gmail.com\">vlado.balogh@gmail.com<\/a>\u00a0<\/li>\n\n\n\n<li><strong>MUDr. Daniel Dar\u00e1\u0161,<\/strong>\u00a0 Viceprezident SSA o.z. SLS, Bratislava<br><a href=\"mailto:daras.daniel@gmail.com\">daras.daniel@gmail.com<\/a><\/li>\n\n\n\n<li><strong><strong>MUDr. Alena Ondrejkovi\u010dov\u00e1, PhD.<\/strong>,<\/strong> kontakt pre SZU, Bratislava<br><a href=\"mailto:alena.ondrejkovicova@szu.sk\">alena.ondrejkovicova@szu.sk<\/a>\u00a0<\/li>\n\n\n\n<li><strong>MUDr. Dagmar Balkov\u00e1,<\/strong> \u010dlen v\u00fdboru SSA o.z. SLS, Lu\u010denec<br><a href=\"mailto:balkovad@gmail.com\">balkovad@gmail.com<\/a>\u00a0<\/li>\n<\/ol>\n\n\n\n<p><\/p>\n","protected":false},"excerpt":{"rendered":"<p>Slovensk\u00e1 spolo\u010dnos\u0165 akupunkt\u00fary&nbsp; organiza\u010dn\u00e1 zlo\u017eka Slovenskej lek\u00e1rskej spolo\u010dnosti&nbsp;Adresa: Cukrov\u00e1 3, 813 22 Bratislava<\/p>\n","protected":false},"author":1,"featured_media":0,"parent":0,"menu_order":0,"comment_status":"closed","ping_status":"closed","template":"","meta":{"_EventAllDay":false,"_EventTimezone":"","_EventStartDate":"","_EventEndDate":"","_EventStartDateUTC":"","_EventEndDateUTC":"","_EventShowMap":false,"_EventShowMapLink":false,"_EventURL":"","_EventCost":"","_EventCostDescription":"","_EventCurrencySymbol":"","_EventCurrencyCode":"","_EventCurrencyPosition":"","_EventDateTimeSeparator":"","_EventTimeRangeSeparator":"","_EventOrganizerID":[],"_EventVenueID":[],"_OrganizerEmail":"","_OrganizerPhone":"","_OrganizerWebsite":"","_VenueAddress":"","_VenueCity":"","_VenueCountry":"","_VenueProvince":"","_VenueState":"","_VenueZip":"","_VenuePhone":"","_VenueURL":"","_VenueStateProvince":"","_VenueLat":"","_VenueLng":"","_VenueShowMap":false,"_VenueShowMapLink":false,"footnotes":""},"class_list":["post-74","page","type-page","status-publish","hentry"],"_links":{"self":[{"href":"https:\/\/akupunktura-sls.sk\/index.php?rest_route=\/wp\/v2\/pages\/74","targetHints":{"allow":["GET"]}}],"collection":[{"href":"https:\/\/akupunktura-sls.sk\/index.php?rest_route=\/wp\/v2\/pages"}],"about":[{"href":"https:\/\/akupunktura-sls.sk\/index.php?rest_route=\/wp\/v2\/types\/page"}],"author":[{"embeddable":true,"href":"https:\/\/akupunktura-sls.sk\/index.php?rest_route=\/wp\/v2\/users\/1"}],"replies":[{"embeddable":true,"href":"https:\/\/akupunktura-sls.sk\/index.php?rest_route=%2Fwp%2Fv2%2Fcomments&post=74"}],"version-history":[{"count":4,"href":"https:\/\/akupunktura-sls.sk\/index.php?rest_route=\/wp\/v2\/pages\/74\/revisions"}],"predecessor-version":[{"id":138,"href":"https:\/\/akupunktura-sls.sk\/index.php?rest_route=\/wp\/v2\/pages\/74\/revisions\/138"}],"wp:attachment":[{"href":"https:\/\/akupunktura-sls.sk\/index.php?rest_route=%2Fwp%2Fv2%2Fmedia&parent=74"}],"curies":[{"name":"wp","href":"https:\/\/api.w.org\/{rel}","templated":true}]}}