{"id":8,"date":"2025-05-22T13:09:04","date_gmt":"2025-05-22T11:09:04","guid":{"rendered":"https:\/\/akupunktura-sls.sk\/?page_id=8"},"modified":"2025-07-14T20:13:46","modified_gmt":"2025-07-14T18:13:46","slug":"o-spolocnosti","status":"publish","type":"page","link":"https:\/\/akupunktura-sls.sk\/?page_id=8","title":{"rendered":"O Spolo\u010dnosti"},"content":{"rendered":"\n<div class=\"wp-block-group has-base-background-color has-background is-vertical is-layout-flex wp-container-core-group-is-layout-6d0fdb69 wp-block-group-is-layout-flex\" style=\"margin-top:0;margin-bottom:0;padding-top:0;padding-right:0;padding-bottom:0;padding-left:0\">\n<p>Slovensk\u00e1 spolo\u010dnos\u0165 akupunkt\u00fary organiza\u010dn\u00e1 zlo\u017eka Slovenskej lek\u00e1rskej spolo\u010dnosti (SSA o.z. SLS) m\u00e1 v s\u00fa\u010dastnosti 200 \u010dlenov. Zdru\u017euje v\u0161eobecn\u00fdch lek\u00e1rov, lek\u00e1rov FBLR, algeziol\u00f3gov, neurol\u00f3gov, internistov, chirurgov, ortop\u00e9dov, pediatrov, gynekol\u00f3gov, ako aj lek\u00e1rov in\u00fdch odbornost\u00ed, ktor\u00ed sa zauj\u00edmaj\u00fa o akupunkt\u00faru. Cie\u013eom na\u0161ej spolo\u010dnosti je zvy\u0161ova\u0165 odborn\u00e9 znalosti jej \u010dlenov, zais\u0165ova\u0165 vzdel\u00e1vacie programy, ako aj vytv\u00e1ra\u0165 podmienky pre rozvoj odboru akupunkt\u00fara, podporova\u0165 vedeckov\u00fdskumn\u00fa \u010dinnos\u0165 v odbore a roz\u0161irova\u0165 spolupr\u00e1cu so zahrani\u010dn\u00fdmi odborn\u00fdmi spolo\u010dnos\u0165ami.<\/p>\n<\/div>\n","protected":false},"excerpt":{"rendered":"<p>Slovensk\u00e1 spolo\u010dnos\u0165 akupunkt\u00fary organiza\u010dn\u00e1 zlo\u017eka Slovenskej lek\u00e1rskej spolo\u010dnosti (SSA o.z. SLS) m\u00e1 v s\u00fa\u010dastnosti 200 \u010dlenov. Zdru\u017euje v\u0161eobecn\u00fdch lek\u00e1rov, lek\u00e1rov FBLR, algeziol\u00f3gov, neurol\u00f3gov, internistov, chirurgov, ortop\u00e9dov, pediatrov, gynekol\u00f3gov, ako aj [&hellip;]<\/p>\n","protected":false},"author":1,"featured_media":0,"parent":0,"menu_order":0,"comment_status":"closed","ping_status":"closed","template":"","meta":{"_EventAllDay":false,"_EventTimezone":"","_EventStartDate":"","_EventEndDate":"","_EventStartDateUTC":"","_EventEndDateUTC":"","_EventShowMap":false,"_EventShowMapLink":false,"_EventURL":"","_EventCost":"","_EventCostDescription":"","_EventCurrencySymbol":"","_EventCurrencyCode":"","_EventCurrencyPosition":"","_EventDateTimeSeparator":"","_EventTimeRangeSeparator":"","_EventOrganizerID":[],"_EventVenueID":[],"_OrganizerEmail":"","_OrganizerPhone":"","_OrganizerWebsite":"","_VenueAddress":"","_VenueCity":"","_VenueCountry":"","_VenueProvince":"","_VenueState":"","_VenueZip":"","_VenuePhone":"","_VenueURL":"","_VenueStateProvince":"","_VenueLat":"","_VenueLng":"","_VenueShowMap":false,"_VenueShowMapLink":false,"footnotes":""},"class_list":["post-8","page","type-page","status-publish","hentry"],"_links":{"self":[{"href":"https:\/\/akupunktura-sls.sk\/index.php?rest_route=\/wp\/v2\/pages\/8","targetHints":{"allow":["GET"]}}],"collection":[{"href":"https:\/\/akupunktura-sls.sk\/index.php?rest_route=\/wp\/v2\/pages"}],"about":[{"href":"https:\/\/akupunktura-sls.sk\/index.php?rest_route=\/wp\/v2\/types\/page"}],"author":[{"embeddable":true,"href":"https:\/\/akupunktura-sls.sk\/index.php?rest_route=\/wp\/v2\/users\/1"}],"replies":[{"embeddable":true,"href":"https:\/\/akupunktura-sls.sk\/index.php?rest_route=%2Fwp%2Fv2%2Fcomments&post=8"}],"version-history":[{"count":4,"href":"https:\/\/akupunktura-sls.sk\/index.php?rest_route=\/wp\/v2\/pages\/8\/revisions"}],"predecessor-version":[{"id":107,"href":"https:\/\/akupunktura-sls.sk\/index.php?rest_route=\/wp\/v2\/pages\/8\/revisions\/107"}],"wp:attachment":[{"href":"https:\/\/akupunktura-sls.sk\/index.php?rest_route=%2Fwp%2Fv2%2Fmedia&parent=8"}],"curies":[{"name":"wp","href":"https:\/\/api.w.org\/{rel}","templated":true}]}}